{"id":366,"date":"2022-03-17T14:57:05","date_gmt":"2022-03-17T13:57:05","guid":{"rendered":"http:\/\/palyanitsya.pl\/?page_id=366"},"modified":"2022-08-31T17:06:36","modified_gmt":"2022-08-31T15:06:36","slug":"about-us","status":"publish","type":"page","link":"https:\/\/palyanitsya.pl\/pl\/about-us\/","title":{"rendered":"O nas"},"content":{"rendered":"<div data-elementor-type=\"wp-page\" data-elementor-id=\"366\" class=\"elementor elementor-366\" data-elementor-post-type=\"page\">\n\t\t\t\t\t\t<section class=\"elementor-section elementor-top-section elementor-element elementor-element-9e381e7 elementor-section-boxed elementor-section-height-default elementor-section-height-default jltma-glass-effect-no\" data-id=\"9e381e7\" data-element_type=\"section\" data-e-type=\"section\">\n\t\t\t\t\t\t<div class=\"elementor-container elementor-column-gap-default\">\n\t\t\t\t\t<div class=\"elementor-column elementor-col-100 elementor-top-column elementor-element elementor-element-d5e64e0 jltma-glass-effect-no\" data-id=\"d5e64e0\" data-element_type=\"column\" data-e-type=\"column\">\n\t\t\t<div class=\"elementor-widget-wrap elementor-element-populated\">\n\t\t\t\t\t\t<div class=\"elementor-element elementor-element-5ef9de6 jltma-glass-effect-no elementor-widget elementor-widget-text-editor\" data-id=\"5ef9de6\" data-element_type=\"widget\" data-e-type=\"widget\" data-widget_type=\"text-editor.default\">\n\t\t\t\t<div class=\"elementor-widget-container\">\n\t\t\t\t\t\t\t\t\t<p>Stowarzyszenie Palyanitsya zosta\u0142o utworzone ca\u0142kiem niedawno po wybuchu wojny przez grup\u0119 ludzi, kt\u00f3rym zale\u017cy na sprawiedliwo\u015bci i kt\u00f3rzy chc\u0105 pom\u00f3c Ukrainie i jej obywatelom w walce z agresj\u0105. Chcemy ratowa\u0107 \u017cycie i zdrowie ludzi \u2013 po prostu zwyk\u0142ych obywateli i \u017co\u0142nierzy \u2013 kt\u00f3rzy bohatersko i bezinteresownie stan\u0119li do walki z potworem i ochrony w\u0142asnego kraju, s\u0105siad\u00f3w i innych ludzi.<\/p><p>Wierzymy, \u017ce wszyscy dobrzy ludzie na \u015bwiecie powinni po\u0142\u0105czy\u0107 swoje wysi\u0142ki, aby walczy\u0107 ze z\u0142em Rosji w tej barbarzy\u0144skiej, niesprawiedliwej i nikczemnej wojnie. Ka\u017cdy mo\u017ce wnie\u015b\u0107 sw\u00f3j wk\u0142ad w takiej czy innej formie, niech to b\u0119dzie walka rami\u0119 w rami\u0119 z Ukrai\u0144cami czy pomoc humanitarno-techniczna dla Ukrainy i jej mieszka\u0144c\u00f3w.<\/p><p>Stowarzyszenie Palyanitsya zbiera fundusze na pomoc Ukrainie w r\u00f3\u017cnych formach i na r\u00f3\u017cne cele. Pozyskane \u015brodki Stowarzyszenie przeznaczy na zakup i zaopatrzenie Ukrai\u0144c\u00f3w, organizacji, fundacji, szpitali, jednostek s\u0142u\u017cby zdrowia Si\u0142 Zbrojnych, wolontariuszy r\u00f3\u017cnych potrzebnych towar\u00f3w i produkt\u00f3w.<\/p>\t\t\t\t\t\t\t\t<\/div>\n\t\t\t\t<\/div>\n\t\t\t\t\t<\/div>\n\t\t<\/div>\n\t\t\t\t\t<\/div>\n\t\t<\/section>\n\t\t\t\t<section class=\"elementor-section elementor-top-section elementor-element elementor-element-d7f3d72 elementor-section-boxed elementor-section-height-default elementor-section-height-default jltma-glass-effect-no\" data-id=\"d7f3d72\" data-element_type=\"section\" data-e-type=\"section\">\n\t\t\t\t\t\t<div class=\"elementor-container elementor-column-gap-default\">\n\t\t\t\t\t<div class=\"elementor-column elementor-col-100 elementor-top-column elementor-element elementor-element-bb9b035 jltma-glass-effect-no\" data-id=\"bb9b035\" data-element_type=\"column\" data-e-type=\"column\">\n\t\t\t<div class=\"elementor-widget-wrap elementor-element-populated\">\n\t\t\t\t\t\t<div class=\"elementor-element elementor-element-44f2eed jltma-glass-effect-no elementor-widget elementor-widget-video\" data-id=\"44f2eed\" data-element_type=\"widget\" data-e-type=\"widget\" data-settings=\"{&quot;video_type&quot;:&quot;hosted&quot;,&quot;controls&quot;:&quot;yes&quot;}\" data-widget_type=\"video.default\">\n\t\t\t\t<div class=\"elementor-widget-container\">\n\t\t\t\t\t\t\t<div class=\"e-hosted-video elementor-wrapper elementor-open-inline\">\n\t\t\t\t\t<video class=\"elementor-video\" src=\"http:\/\/palyanitsya.pl\/wp-content\/uploads\/2022\/03\/About-us.mp4\" controls=\"\" preload=\"metadata\" controlslist=\"nodownload\"><\/video>\n\t\t\t\t<\/div>\n\t\t\t\t\t\t<\/div>\n\t\t\t\t<\/div>\n\t\t\t\t\t<\/div>\n\t\t<\/div>\n\t\t\t\t\t<\/div>\n\t\t<\/section>\n\t\t\t\t<section class=\"elementor-section elementor-top-section elementor-element elementor-element-3cb11bb elementor-section-boxed elementor-section-height-default elementor-section-height-default jltma-glass-effect-no\" data-id=\"3cb11bb\" data-element_type=\"section\" data-e-type=\"section\">\n\t\t\t\t\t\t<div class=\"elementor-container elementor-column-gap-default\">\n\t\t\t\t\t<div class=\"elementor-column elementor-col-100 elementor-top-column elementor-element elementor-element-936849c jltma-glass-effect-no\" data-id=\"936849c\" data-element_type=\"column\" data-e-type=\"column\">\n\t\t\t<div class=\"elementor-widget-wrap\">\n\t\t\t\t\t\t\t<\/div>\n\t\t<\/div>\n\t\t\t\t\t<\/div>\n\t\t<\/section>\n\t\t\t\t<section class=\"elementor-section elementor-top-section elementor-element elementor-element-c584d13 elementor-section-boxed elementor-section-height-default elementor-section-height-default jltma-glass-effect-no\" data-id=\"c584d13\" data-element_type=\"section\" data-e-type=\"section\">\n\t\t\t\t\t\t<div class=\"elementor-container elementor-column-gap-default\">\n\t\t\t\t\t<div class=\"elementor-column elementor-col-100 elementor-top-column elementor-element elementor-element-975b577 jltma-glass-effect-no\" data-id=\"975b577\" data-element_type=\"column\" data-e-type=\"column\">\n\t\t\t<div class=\"elementor-widget-wrap elementor-element-populated\">\n\t\t\t\t\t\t<div class=\"elementor-element elementor-element-05ea1e7 jltma-glass-effect-no elementor-widget elementor-widget-text-editor\" data-id=\"05ea1e7\" data-element_type=\"widget\" data-e-type=\"widget\" data-widget_type=\"text-editor.default\">\n\t\t\t\t<div class=\"elementor-widget-container\">\n\t\t\t\t\t\t\t\t\t<p>M\u00f3wi\u0105c praktycznie, Stowarzyszenie zamierza pozyskiwa\u0107 fundusze oraz kupowa\u0107 i dostarcza\u0107 r\u00f3\u017cnym podmiotom na Ukrainie tak potrzebne produkty o r\u00f3\u017cnym charakterze. Aby jak najefektywniej realizowa\u0107 takie dostawy, Stowarzyszenie utrzymuje bliskie kontakty z w\u0142adzami pa\u0144stwowymi i lokalnymi na Ukrainie, kt\u00f3re koordynuj\u0105 te dzia\u0142ania, tj. zbieranie informacji o najbardziej potrzebnych towarach i produktach, sporz\u0105dzanie zbiorczych wykaz\u00f3w tych towar\u00f3w i produkt\u00f3w, koordynowanie spraw logistycznych na terenie Ukrainy, dystrybucja otrzymanych towar\u00f3w i produkt\u00f3w.<\/p><p>W pewnych osobnych okazjach b\u0119dziemy publikowali raporty o tym, w jaki spos\u00f3b zebrane fundusze zosta\u0142y wykorzystane na dostarczenie naszym darczy\u0144com w maksymalnym mo\u017cliwym stopniu wszelkich wzgl\u0119dnych informacji, potwierdze\u0144 i dowod\u00f3w.<\/p><p>Gdy Stowarzyszenie ju\u017c nie b\u0119dzie widzia\u0142o mo\u017cliwo\u015bci bycia najbardziej przydatn\u0105 w wysi\u0142kach na rzecz Ukrainy \u2013 co mo\u017ce si\u0119 sta\u0107 po zako\u0144czeniu wojny \u2013 a na naszych kontach wci\u0105\u017c mamy niewykorzystane \u015brodki, te \u015brodki zostan\u0105 przelane na specjalne konto otwierane przez Narodowy Bank Ukrainy o pozyskanie \u015brodk\u00f3w na pomoc humanitarn\u0105 dla Ukrai\u0144c\u00f3w lub ewentualnie innego podmiotu pa\u0144stwowego na Ukrainie, kt\u00f3ry mo\u017ce zosta\u0107 utworzony w celu sfinansowania przywr\u00f3cenia na Ukrainie powojennego \u017cycia cywilnego.<\/p>\t\t\t\t\t\t\t\t<\/div>\n\t\t\t\t<\/div>\n\t\t\t\t\t<\/div>\n\t\t<\/div>\n\t\t\t\t\t<\/div>\n\t\t<\/section>\n\t\t\t\t<section class=\"elementor-section elementor-top-section elementor-element elementor-element-97c94f2 elementor-section-boxed elementor-section-height-default elementor-section-height-default jltma-glass-effect-no\" data-id=\"97c94f2\" data-element_type=\"section\" data-e-type=\"section\">\n\t\t\t\t\t\t<div class=\"elementor-container elementor-column-gap-default\">\n\t\t\t\t\t<div class=\"elementor-column elementor-col-100 elementor-top-column elementor-element elementor-element-58cf84f jltma-glass-effect-no\" data-id=\"58cf84f\" data-element_type=\"column\" data-e-type=\"column\">\n\t\t\t<div class=\"elementor-widget-wrap elementor-element-populated\">\n\t\t\t\t\t\t<div class=\"elementor-element elementor-element-5136756 elementor-position-left elementor-vertical-align-top jltma-glass-effect-no elementor-widget elementor-widget-image-box\" data-id=\"5136756\" data-element_type=\"widget\" data-e-type=\"widget\" data-widget_type=\"image-box.default\">\n\t\t\t\t<div class=\"elementor-widget-container\">\n\t\t\t\t\t<div class=\"elementor-image-box-wrapper\"><figure class=\"elementor-image-box-img\"><a href=\"https:\/\/bank.gov.ua\/en\/news\/all\/natsionalniy-bank-vidkriv-rahunok-dlya-gumanitarnoyi-dopomogi-ukrayintsyam-postrajdalim-vid-rosiyskoyi-agresiyi\" target=\"_blank\" tabindex=\"-1\"><img fetchpriority=\"high\" decoding=\"async\" width=\"1280\" height=\"720\" src=\"https:\/\/palyanitsya.pl\/wp-content\/uploads\/2022\/03\/1280X720_\u0421\u043f\u0435\u0446\u0440\u0430\u0445\u0443\u043d\u043e\u043a_\u0433\u0443\u043c\u0430\u043d\u0456\u0442\u0430\u0440\u043a\u0430_2022-03-01_en.jpg.webp\" class=\"attachment-2048x2048 size-2048x2048 wp-image-869\" alt=\"\" srcset=\"https:\/\/palyanitsya.pl\/wp-content\/uploads\/2022\/03\/1280X720_\u0421\u043f\u0435\u0446\u0440\u0430\u0445\u0443\u043d\u043e\u043a_\u0433\u0443\u043c\u0430\u043d\u0456\u0442\u0430\u0440\u043a\u0430_2022-03-01_en.jpg.webp 1280w, https:\/\/palyanitsya.pl\/wp-content\/uploads\/2022\/03\/1280X720_\u0421\u043f\u0435\u0446\u0440\u0430\u0445\u0443\u043d\u043e\u043a_\u0433\u0443\u043c\u0430\u043d\u0456\u0442\u0430\u0440\u043a\u0430_2022-03-01_en.jpg-600x338.webp 600w, https:\/\/palyanitsya.pl\/wp-content\/uploads\/2022\/03\/1280X720_\u0421\u043f\u0435\u0446\u0440\u0430\u0445\u0443\u043d\u043e\u043a_\u0433\u0443\u043c\u0430\u043d\u0456\u0442\u0430\u0440\u043a\u0430_2022-03-01_en.jpg-300x169.webp 300w, https:\/\/palyanitsya.pl\/wp-content\/uploads\/2022\/03\/1280X720_\u0421\u043f\u0435\u0446\u0440\u0430\u0445\u0443\u043d\u043e\u043a_\u0433\u0443\u043c\u0430\u043d\u0456\u0442\u0430\u0440\u043a\u0430_2022-03-01_en.jpg-1024x576.webp 1024w, https:\/\/palyanitsya.pl\/wp-content\/uploads\/2022\/03\/1280X720_\u0421\u043f\u0435\u0446\u0440\u0430\u0445\u0443\u043d\u043e\u043a_\u0433\u0443\u043c\u0430\u043d\u0456\u0442\u0430\u0440\u043a\u0430_2022-03-01_en.jpg-768x432.webp 768w\" sizes=\"(max-width: 1280px) 100vw, 1280px\" \/><\/a><\/figure><div class=\"elementor-image-box-content\"><h3 class=\"elementor-image-box-title\"><a href=\"https:\/\/bank.gov.ua\/en\/news\/all\/natsionalniy-bank-vidkriv-rahunok-dlya-gumanitarnoyi-dopomogi-ukrayintsyam-postrajdalim-vid-rosiyskoyi-agresiyi\" target=\"_blank\">NBU (National Bank of Ukraine) Opens Fundraising Account for Humanitarian Assistance to Ukrainians Affected by Russia\u2019s Aggression<\/a><\/h3><p class=\"elementor-image-box-description\">\"Rosyjska agresja pozbawi\u0142a tysi\u0105ce Ukrai\u0144c\u00f3w domu, pieni\u0119dzy, ubra\u0144, jedzenia i innych podstawowych rzeczy. Jednak Ukraina i reszta \u015bwiata nie zostawi\u0142yby ich samych ze swoim \u017calem. Wsparcie finansowe wci\u0105\u017c nap\u0142ywa zar\u00f3wno od obywateli naszego kraju, jak iz zagranicy. Aby usprawni\u0107 nap\u0142yw \u015brodk\u00f3w na pomoc humanitarn\u0105 dla dotkni\u0119tych wojn\u0105 Ukrai\u0144c\u00f3w, NBU otworzy\u0142 konto dla Ministerstwa Polityki Spo\u0142ecznej do gromadzenia datk\u00f3w charytatywnych na potrzeby spo\u0142eczne w czasie wojny\" - powiedzia\u0142 naczelnik NBU Kyrylo Szewczenko.<\/p><\/div><\/div>\t\t\t\t<\/div>\n\t\t\t\t<\/div>\n\t\t\t\t\t<\/div>\n\t\t<\/div>\n\t\t\t\t\t<\/div>\n\t\t<\/section>\n\t\t\t\t<\/div>","protected":false},"excerpt":{"rendered":"<p>The Palyanitsya Association was created quite recently after the outbreak of the war by a group of people who do care about justice and who want to help Ukraine and its people to fight back the aggression. We want to save lives and health of people \u2013 just ordinary citizens and servicemen \u2013 who heroically &hellip;<\/p>\n<p class=\"read-more\"> <a class=\"\" href=\"https:\/\/palyanitsya.pl\/pl\/about-us\/\"> <span class=\"screen-reader-text\">O nas<\/span> Read More &raquo;<\/a><\/p>","protected":false},"author":1,"featured_media":0,"parent":0,"menu_order":0,"comment_status":"closed","ping_status":"closed","template":"elementor_header_footer","meta":{"site-sidebar-layout":"no-sidebar","site-content-layout":"page-builder","ast-main-header-display":"","ast-hfb-above-header-display":"","ast-hfb-below-header-display":"","ast-hfb-mobile-header-display":"","site-post-title":"disabled","ast-breadcrumbs-content":"","ast-featured-img":"disabled","footer-sml-layout":"","theme-transparent-header-meta":"","adv-header-id-meta":"","stick-header-meta":"","header-above-stick-meta":"","header-main-stick-meta":"","header-below-stick-meta":"","footnotes":""},"class_list":["post-366","page","type-page","status-publish","hentry"],"yoast_head":"<!-- This site is optimized with the Yoast SEO plugin v26.8 - https:\/\/yoast.com\/product\/yoast-seo-wordpress\/ -->\n<title>About us - Palyanitsya - Stand with Ukraine<\/title>\n<meta name=\"robots\" content=\"index, follow, max-snippet:-1, max-image-preview:large, max-video-preview:-1\" \/>\n<link rel=\"canonical\" href=\"https:\/\/palyanitsya.pl\/pl\/about-us\/\" \/>\n<meta property=\"og:locale\" content=\"pl_PL\" \/>\n<meta property=\"og:type\" content=\"article\" \/>\n<meta property=\"og:title\" content=\"About us - Palyanitsya - Stand with Ukraine\" \/>\n<meta property=\"og:description\" content=\"The Palyanitsya Association was created quite recently after the outbreak of the war by a group of people who do care about justice and who want to help Ukraine and its people to fight back the aggression. We want to save lives and health of people \u2013 just ordinary citizens and servicemen \u2013 who heroically &hellip; About us Read More &raquo;\" \/>\n<meta property=\"og:url\" content=\"https:\/\/palyanitsya.pl\/pl\/about-us\/\" \/>\n<meta property=\"og:site_name\" content=\"Palyanitsya - Stand with Ukraine\" \/>\n<meta property=\"article:modified_time\" content=\"2022-08-31T15:06:36+00:00\" \/>\n<meta name=\"twitter:card\" content=\"summary_large_image\" \/>\n<meta name=\"twitter:label1\" content=\"Szacowany czas czytania\" \/>\n\t<meta name=\"twitter:data1\" content=\"3 minuty\" \/>\n<script type=\"application\/ld+json\" class=\"yoast-schema-graph\">{\"@context\":\"https:\/\/schema.org\",\"@graph\":[{\"@type\":\"WebPage\",\"@id\":\"https:\/\/palyanitsya.pl\/about-us\/\",\"url\":\"https:\/\/palyanitsya.pl\/about-us\/\",\"name\":\"About us - Palyanitsya - Stand with Ukraine\",\"isPartOf\":{\"@id\":\"https:\/\/palyanitsya.pl\/#website\"},\"datePublished\":\"2022-03-17T13:57:05+00:00\",\"dateModified\":\"2022-08-31T15:06:36+00:00\",\"breadcrumb\":{\"@id\":\"https:\/\/palyanitsya.pl\/about-us\/#breadcrumb\"},\"inLanguage\":\"pl-PL\",\"potentialAction\":[{\"@type\":\"ReadAction\",\"target\":[\"https:\/\/palyanitsya.pl\/about-us\/\"]}]},{\"@type\":\"BreadcrumbList\",\"@id\":\"https:\/\/palyanitsya.pl\/about-us\/#breadcrumb\",\"itemListElement\":[{\"@type\":\"ListItem\",\"position\":1,\"name\":\"Home\",\"item\":\"https:\/\/palyanitsya.pl\/\"},{\"@type\":\"ListItem\",\"position\":2,\"name\":\"About us\"}]},{\"@type\":\"WebSite\",\"@id\":\"https:\/\/palyanitsya.pl\/#website\",\"url\":\"https:\/\/palyanitsya.pl\/\",\"name\":\"Palyanitsya - Stand with Ukraine\",\"description\":\"\",\"publisher\":{\"@id\":\"https:\/\/palyanitsya.pl\/#organization\"},\"potentialAction\":[{\"@type\":\"SearchAction\",\"target\":{\"@type\":\"EntryPoint\",\"urlTemplate\":\"https:\/\/palyanitsya.pl\/?s={search_term_string}\"},\"query-input\":{\"@type\":\"PropertyValueSpecification\",\"valueRequired\":true,\"valueName\":\"search_term_string\"}}],\"inLanguage\":\"pl-PL\"},{\"@type\":\"Organization\",\"@id\":\"https:\/\/palyanitsya.pl\/#organization\",\"name\":\"Palyanitsya - Stand with Ukraine\",\"url\":\"https:\/\/palyanitsya.pl\/\",\"logo\":{\"@type\":\"ImageObject\",\"inLanguage\":\"pl-PL\",\"@id\":\"https:\/\/palyanitsya.pl\/#\/schema\/logo\/image\/\",\"url\":\"https:\/\/palyanitsya.pl\/wp-content\/uploads\/2022\/04\/cropped-cropped-English-_transp.png\",\"contentUrl\":\"https:\/\/palyanitsya.pl\/wp-content\/uploads\/2022\/04\/cropped-cropped-English-_transp.png\",\"width\":453,\"height\":141,\"caption\":\"Palyanitsya - Stand with Ukraine\"},\"image\":{\"@id\":\"https:\/\/palyanitsya.pl\/#\/schema\/logo\/image\/\"}}]}<\/script>\n<!-- \/ Yoast SEO plugin. -->","yoast_head_json":{"title":"About us - Palyanitsya - Stand with Ukraine","robots":{"index":"index","follow":"follow","max-snippet":"max-snippet:-1","max-image-preview":"max-image-preview:large","max-video-preview":"max-video-preview:-1"},"canonical":"https:\/\/palyanitsya.pl\/pl\/about-us\/","og_locale":"pl_PL","og_type":"article","og_title":"About us - Palyanitsya - Stand with Ukraine","og_description":"The Palyanitsya Association was created quite recently after the outbreak of the war by a group of people who do care about justice and who want to help Ukraine and its people to fight back the aggression. We want to save lives and health of people \u2013 just ordinary citizens and servicemen \u2013 who heroically &hellip; About us Read More &raquo;","og_url":"https:\/\/palyanitsya.pl\/pl\/about-us\/","og_site_name":"Palyanitsya - Stand with Ukraine","article_modified_time":"2022-08-31T15:06:36+00:00","twitter_card":"summary_large_image","twitter_misc":{"Szacowany czas czytania":"3 minuty"},"schema":{"@context":"https:\/\/schema.org","@graph":[{"@type":"WebPage","@id":"https:\/\/palyanitsya.pl\/about-us\/","url":"https:\/\/palyanitsya.pl\/about-us\/","name":"About us - Palyanitsya - Stand with Ukraine","isPartOf":{"@id":"https:\/\/palyanitsya.pl\/#website"},"datePublished":"2022-03-17T13:57:05+00:00","dateModified":"2022-08-31T15:06:36+00:00","breadcrumb":{"@id":"https:\/\/palyanitsya.pl\/about-us\/#breadcrumb"},"inLanguage":"pl-PL","potentialAction":[{"@type":"ReadAction","target":["https:\/\/palyanitsya.pl\/about-us\/"]}]},{"@type":"BreadcrumbList","@id":"https:\/\/palyanitsya.pl\/about-us\/#breadcrumb","itemListElement":[{"@type":"ListItem","position":1,"name":"Home","item":"https:\/\/palyanitsya.pl\/"},{"@type":"ListItem","position":2,"name":"About us"}]},{"@type":"WebSite","@id":"https:\/\/palyanitsya.pl\/#website","url":"https:\/\/palyanitsya.pl\/","name":"Palyanitsya - Stand with Ukraine","description":"","publisher":{"@id":"https:\/\/palyanitsya.pl\/#organization"},"potentialAction":[{"@type":"SearchAction","target":{"@type":"EntryPoint","urlTemplate":"https:\/\/palyanitsya.pl\/?s={search_term_string}"},"query-input":{"@type":"PropertyValueSpecification","valueRequired":true,"valueName":"search_term_string"}}],"inLanguage":"pl-PL"},{"@type":"Organization","@id":"https:\/\/palyanitsya.pl\/#organization","name":"Palyanitsya - Stand with Ukraine","url":"https:\/\/palyanitsya.pl\/","logo":{"@type":"ImageObject","inLanguage":"pl-PL","@id":"https:\/\/palyanitsya.pl\/#\/schema\/logo\/image\/","url":"https:\/\/palyanitsya.pl\/wp-content\/uploads\/2022\/04\/cropped-cropped-English-_transp.png","contentUrl":"https:\/\/palyanitsya.pl\/wp-content\/uploads\/2022\/04\/cropped-cropped-English-_transp.png","width":453,"height":141,"caption":"Palyanitsya - Stand with Ukraine"},"image":{"@id":"https:\/\/palyanitsya.pl\/#\/schema\/logo\/image\/"}}]}},"jetpack_sharing_enabled":true,"_links":{"self":[{"href":"https:\/\/palyanitsya.pl\/pl\/wp-json\/wp\/v2\/pages\/366","targetHints":{"allow":["GET"]}}],"collection":[{"href":"https:\/\/palyanitsya.pl\/pl\/wp-json\/wp\/v2\/pages"}],"about":[{"href":"https:\/\/palyanitsya.pl\/pl\/wp-json\/wp\/v2\/types\/page"}],"author":[{"embeddable":true,"href":"https:\/\/palyanitsya.pl\/pl\/wp-json\/wp\/v2\/users\/1"}],"replies":[{"embeddable":true,"href":"https:\/\/palyanitsya.pl\/pl\/wp-json\/wp\/v2\/comments?post=366"}],"version-history":[{"count":99,"href":"https:\/\/palyanitsya.pl\/pl\/wp-json\/wp\/v2\/pages\/366\/revisions"}],"predecessor-version":[{"id":3463,"href":"https:\/\/palyanitsya.pl\/pl\/wp-json\/wp\/v2\/pages\/366\/revisions\/3463"}],"wp:attachment":[{"href":"https:\/\/palyanitsya.pl\/pl\/wp-json\/wp\/v2\/media?parent=366"}],"curies":[{"name":"wp","href":"https:\/\/api.w.org\/{rel}","templated":true}]}}